{"id":914,"date":"2026-02-02T11:01:49","date_gmt":"2026-02-02T10:01:49","guid":{"rendered":"https:\/\/nawah.fr\/politique-de-confidentialite\/"},"modified":"2026-04-10T15:32:17","modified_gmt":"2026-04-10T13:32:17","slug":"politique-de-confidentialite","status":"publish","type":"page","link":"https:\/\/nawah.us\/fr\/politique-de-confidentialite\/","title":{"rendered":"Politique de confidentialit\u00e9"},"content":{"rendered":"\n<h2 class=\"wp-block-heading\"><strong>Protection des donn\u00e9es \u00e0 caract\u00e8re personnel<\/strong><\/h2>\n\n<p>Lorsque vous consultez le site web Nawah.fr ou Nawah.us, NAWAH peut collecter certaines donn\u00e9es \u00e0 caract\u00e8re personnel vous concernant.<br\/>Les informations permettant de vous identifier peuvent inclure, sans s&rsquo;y limiter :<\/p>\n\n<ul class=\"wp-block-list\">\n<li>adresse e-mail<\/li>\n\n\n\n<li>pr\u00e9nom et nom<\/li>\n\n\n\n<li>num\u00e9ro de t\u00e9l\u00e9phone<\/li>\n\n\n\n<li>adresse, \u00c9tat, province, code postal, ville<\/li>\n\n\n\n<li>cookies et donn\u00e9es d&rsquo;utilisation<\/li>\n<\/ul>\n\n<hr class=\"wp-block-separator has-alpha-channel-opacity\"\/>\n\n<h2 class=\"wp-block-heading\"><strong>Cadre juridique<\/strong><\/h2>\n\n<p>NAWAH d\u00e9clare traiter les donn\u00e9es \u00e0 caract\u00e8re personnel conform\u00e9ment au r\u00e8glement (UE) 2016\/679 du Parlement europ\u00e9en et du Conseil du 27 avril 2016 relatif \u00e0 la protection des personnes physiques \u00e0 l&rsquo;\u00e9gard du traitement des donn\u00e9es \u00e0 caract\u00e8re personnel et \u00e0 la libre circulation de ces donn\u00e9es (ci-apr\u00e8s d\u00e9nomm\u00e9 \u00ab RGPD \u00bb), ainsi qu&rsquo;\u00e0 toute autre loi ou r\u00e9glementation applicable.<\/p>\n\n<hr class=\"wp-block-separator has-alpha-channel-opacity\"\/>\n\n<h2 class=\"wp-block-heading\"><strong>Finalit\u00e9 des donn\u00e9es collect\u00e9es<\/strong><\/h2>\n\n<p>NAWAH peut traiter tout ou partie des donn\u00e9es afin, le cas \u00e9ch\u00e9ant :<\/p>\n\n<ul class=\"wp-block-list\">\n<li>r\u00e9aliser des enqu\u00eates de satisfaction<\/li>\n\n\n\n<li>mener des campagnes de communication<\/li>\n\n\n\n<li>mener des activit\u00e9s de prospection et de promotion<\/li>\n\n\n\n<li>envoyer des newsletters<\/li>\n\n\n\n<li>r\u00e9aliser des \u00e9tudes de march\u00e9<\/li>\n<\/ul>\n\n<p>NAWAH ne vend pas vos donn\u00e9es personnelles. Ces donn\u00e9es sont utilis\u00e9es exclusivement aux fins \u00e9num\u00e9r\u00e9es ci-dessus ou \u00e0 des fins statistiques et analytiques au sein de l&rsquo;Union europ\u00e9enne. <\/p>\n\n<hr class=\"wp-block-separator has-alpha-channel-opacity\"\/>\n\n<h2 class=\"wp-block-heading\"><strong>Caract\u00e8re facultatif de la collecte de donn\u00e9es<\/strong><\/h2>\n\n<p>En nous contactant via le site web ou en remplissant nos formulaires en ligne, qui comportent des mentions d&rsquo;information relatives \u00e0 notre politique de protection des donn\u00e9es, vous acceptez notre politique de protection des donn\u00e9es. La collecte de ces donn\u00e9es est facultative, mais n\u00e9cessaire pour acc\u00e9der \u00e0 certains services disponibles sur notre site web. <\/p>\n\n<hr class=\"wp-block-separator has-alpha-channel-opacity\"\/>\n\n<h2 class=\"wp-block-heading\"><strong>Destinataires<\/strong><\/h2>\n\n<p>NAWAH traite ces donn\u00e9es en interne et n&rsquo;a pas d\u00e9sign\u00e9 de d\u00e9l\u00e9gu\u00e9 \u00e0 la protection des donn\u00e9es (DPD), car elle n&rsquo;est pas une autorit\u00e9 publique et ne traite pas de donn\u00e9es \u00e0 caract\u00e8re personnel \u00e0 grande \u00e9chelle.<br\/>Si vous avez des questions concernant notre politique de protection des donn\u00e9es, vous pouvez contacter Lionel Bertuit \u00e0 l&rsquo;adresse suivante : <a>contact@nawah.fr<\/a><\/p>\n\n<p>Les destinataires de ces donn\u00e9es \u00e0 caract\u00e8re personnel sont :<\/p>\n\n<ul class=\"wp-block-list\">\n<li>la direction, en tant qu&rsquo;entit\u00e9 responsable de notre politique de protection des donn\u00e9es<\/li>\n\n\n\n<li>le service marketing\/communication pour les actions promotionnelles et de communication<\/li>\n\n\n\n<li>le service commercial pour les activit\u00e9s de prospection et de suivi de la client\u00e8le<\/li>\n<\/ul>\n\n<p>Vous pouvez contacter Anne ZAYER \u00e0 l&rsquo;adresse <a href=\"mailto:contact@nawah.fr\" target=\"_blank\" rel=\"noreferrer noopener\">contact@nawah.fr<\/a><\/p>\n\n<hr class=\"wp-block-separator has-alpha-channel-opacity\"\/>\n\n<h2 class=\"wp-block-heading\"><strong>Dur\u00e9e de conservation des donn\u00e9es<\/strong><\/h2>\n\n<p>Les donn\u00e9es collect\u00e9es sont conserv\u00e9es pendant une p\u00e9riode de trois ans \u00e0 compter de la derni\u00e8re r\u00e9ponse \u00e0 l&rsquo;une de nos sollicitations. Pass\u00e9 ce d\u00e9lai, les donn\u00e9es seront supprim\u00e9es. <\/p>\n\n<hr class=\"wp-block-separator has-alpha-channel-opacity\"\/>\n\n<h2 class=\"wp-block-heading\"><strong>Droits et canal de contact sp\u00e9cifique<\/strong><\/h2>\n\n<p>En tant que personne concern\u00e9e, vous avez le droit :<\/p>\n\n<ul class=\"wp-block-list\">\n<li>de demander l&rsquo;acc\u00e8s \u00e0 vos donn\u00e9es personnelles<\/li>\n\n\n\n<li>de demander la rectification de vos donn\u00e9es<\/li>\n\n\n\n<li>to request erasure of your data<\/li>\n\n\n\n<li>de demander la suppression de vos donn\u00e9esto request restriction of the processing of your data<\/li>\n\n\n\n<li>de vous opposer au traitement de vos donn\u00e9es<\/li>\n\n\n\n<li>\u00e0 la portabilit\u00e9 des donn\u00e9es<\/li>\n\n\n\n<li>d&rsquo;introduire une r\u00e9clamation aupr\u00e8s d&rsquo;une autorit\u00e9 de contr\u00f4le, notamment la CNIL<\/li>\n\n\n\n<li>de retirer votre consentement \u00e0 tout moment<\/li>\n<\/ul>\n\n<p>Si NAWAH apprend le d\u00e9c\u00e8s d&rsquo;un utilisateur, NAWAH s&rsquo;engage \u00e0 supprimer les donn\u00e9es de cet utilisateur, sauf si leur conservation est n\u00e9cessaire pour se conformer \u00e0 une obligation l\u00e9gale.<\/p>\n\n<p>Si vous souhaitez exercer ces droits, veuillez nous contacter :<\/p>\n\n<ul class=\"wp-block-list\">\n<li>Par email: <a>contact@nawah.fr<\/a><\/li>\n\n\n\n<li>par courrier postal : NAWAH, 250 avenue Villevieille, 13790 Rousset, France<\/li>\n<\/ul>\n\n<hr class=\"wp-block-separator has-alpha-channel-opacity\"\/>\n\n<h2 class=\"wp-block-heading\"><strong>Security<\/strong><\/h2>\n\n<p>Nous mettons tout en \u0153uvre pour garantir la s\u00e9curit\u00e9 de vos donn\u00e9es personnelles et, en particulier, pour emp\u00eacher qu&rsquo;elles ne soient modifi\u00e9es, endommag\u00e9es ou consult\u00e9es par des tiers non autoris\u00e9s.<\/p>\n\n<p>Nous ne pouvons toutefois pas garantir une s\u00e9curit\u00e9 absolue. Si un incident affectant l&rsquo;int\u00e9grit\u00e9 ou la confidentialit\u00e9 des informations d&rsquo;un utilisateur est port\u00e9 \u00e0 la connaissance de NAWAH, la soci\u00e9t\u00e9 en informera l&rsquo;utilisateur et lui communiquera les mesures correctives prises, le cas \u00e9ch\u00e9ant.<\/p>\n\n<hr class=\"wp-block-separator has-alpha-channel-opacity\"\/>\n\n<h2 class=\"wp-block-heading\"><strong>Transferts de donn\u00e9es<\/strong><\/h2>\n\n<p>Vos informations, y compris vos donn\u00e9es \u00e0 caract\u00e8re personnel, peuvent \u00eatre transf\u00e9r\u00e9es vers des ordinateurs situ\u00e9s en dehors de votre \u00c9tat et y \u00eatre stock\u00e9es, o\u00f9 les lois en mati\u00e8re de protection des donn\u00e9es peuvent diff\u00e9rer de celles de votre juridiction.<\/p>\n\n<p>En acceptant de nous communiquer vos donn\u00e9es, vous consentez \u00e0 ces transferts.<\/p>\n\n<p>NAWAH prendra toutes les mesures raisonnablement n\u00e9cessaires pour garantir que vos donn\u00e9es soient trait\u00e9es en toute s\u00e9curit\u00e9 et conform\u00e9ment \u00e0 la r\u00e9glementation en vigueur. Aucun transfert de vos donn\u00e9es \u00e0 caract\u00e8re personnel n&rsquo;aura lieu vers une organisation ou un pays sans que des garanties ad\u00e9quates ne soient mises en place, notamment en mati\u00e8re de s\u00e9curit\u00e9 de vos donn\u00e9es et autres informations personnelles.<\/p>\n\n<hr class=\"wp-block-separator has-alpha-channel-opacity\"\/>\n\n<h2 class=\"wp-block-heading\"><strong>Prestataires de services<\/strong><\/h2>\n\n<p>Nous pouvons faire appel \u00e0 des soci\u00e9t\u00e9s et \u00e0 des personnes tierces pour faciliter le fonctionnement du site web.<\/p>\n\n<p>Ces tiers n&rsquo;ont acc\u00e8s \u00e0 vos donn\u00e9es personnelles que dans le but d&rsquo;accomplir ces t\u00e2ches pour notre compte et sont tenus de ne pas les divulguer ni de les utiliser \u00e0 d&rsquo;autres fins.<\/p>\n\n<hr class=\"wp-block-separator has-alpha-channel-opacity\"\/>\n\n<h2 class=\"wp-block-heading\"><strong>Divulgation des donn\u00e9es<\/strong><\/h2>\n\n<p>Outre ce qui est indiqu\u00e9 dans la section pr\u00e9c\u00e9dente, NAWAH peut divulguer vos donn\u00e9es \u00e0 caract\u00e8re personnel si elle estime qu&rsquo;une telle mesure est n\u00e9cessaire pour :<\/p>\n\n<ul class=\"wp-block-list\">\n<li>se conformer \u00e0 une obligation l\u00e9gale<\/li>\n\n\n\n<li>prot\u00e9ger et d\u00e9fendre les droits ou les biens de NAWAH<\/li>\n\n\n\n<li>pr\u00e9venir ou enqu\u00eater sur d&rsquo;\u00e9ventuels actes r\u00e9pr\u00e9hensibles li\u00e9s au site web<\/li>\n\n\n\n<li>assurer la s\u00e9curit\u00e9 des utilisateurs du site web ou du public<\/li>\n\n\n\n<li>se pr\u00e9munir contre toute responsabilit\u00e9 juridique<\/li>\n<\/ul>\n\n<hr class=\"wp-block-separator has-alpha-channel-opacity\"\/>\n\n<h2 class=\"wp-block-heading\"><strong>Cookies<\/strong><\/h2>\n\n<p>Un \u00ab cookie \u00bb est un petit fichier informatique, \u00e9galement appel\u00e9 \u00ab traceur \u00bb. Cela permet d&rsquo;analyser le comportement des utilisateurs lorsqu&rsquo;ils visitent un site web, lisent un e-mail, ou installent et utilisent un logiciel ou une application mobile. Ce fichier contient des informations telles que le nom de domaine de l&rsquo;utilisateur, son fournisseur d&rsquo;acc\u00e8s \u00e0 Internet, son syst\u00e8me d&rsquo;exploitation, la date et l&rsquo;heure de sa visite sur le site web, ainsi que les pages et les contenus consult\u00e9s par l&rsquo;utilisateur. Les cookies ne pr\u00e9sentent aucun risque de d\u00e9t\u00e9rioration de l&rsquo;appareil de l&rsquo;utilisateur.<\/p>\n\n<p>NAWAH peut analyser les donn\u00e9es collect\u00e9es par le biais des cookies (nombre de pages consult\u00e9es, nombre de visites, fr\u00e9quence des visites) afin de :<\/p>\n\n<ul class=\"wp-block-list\">\n<li>am\u00e9liorer le contenu du site web en fonction du comportement des utilisateurs<\/li>\n\n\n\n<li>am\u00e9liorer la navigation<\/li>\n\n\n\n<li>am\u00e9liorer son offre en s&rsquo;appuyant sur les contenus les plus consult\u00e9s<\/li>\n\n\n\n<li>am\u00e9liorer la connaissance du march\u00e9<\/li>\n\n\n\n<li>mesurer les indicateurs d&rsquo;audience<\/li>\n\n\n\n<li>d\u00e9tecter, pr\u00e9venir et r\u00e9soudre les probl\u00e8mes techniques<\/li>\n<\/ul>\n\n<p>Les donn\u00e9es collect\u00e9es par les cookies sont strictement r\u00e9serv\u00e9es \u00e0 un usage interne et ne sont jamais transmises \u00e0 des tiers.<\/p>\n\n<p>Les cookies ne sont jamais activ\u00e9s sans votre consentement pr\u00e9alable. La dur\u00e9e de validit\u00e9 de ce consentement est de 13 mois. Une fen\u00eatre contextuelle vous permet d&rsquo;accepter, de refuser ou de configurer les cookies lors de votre premi\u00e8re visite. Vous pouvez modifier vos pr\u00e9f\u00e9rences en mati\u00e8re de cookies \u00e0 tout moment. Vous pouvez \u00e9galement configurer l&rsquo;utilisation des cookies directement dans votre navigateur ; veuillez consulter son guide d&rsquo;utilisation pour plus d&rsquo;informations.<\/p>\n\n<p>Si vous refusez l&rsquo;activation des cookies ou supprimez ceux qui ont d\u00e9j\u00e0 \u00e9t\u00e9 enregistr\u00e9s, votre exp\u00e9rience de navigation et votre utilisation du site web pourraient \u00eatre limit\u00e9es, par exemple si le type de navigateur utilis\u00e9 ou les param\u00e8tres linguistiques ne sont pas reconnus. Dans ce cas, NAWAH d\u00e9cline toute responsabilit\u00e9 en cas de dysfonctionnement du site web.<\/p>\n\n<p>En cliquant sur les ic\u00f4nes renvoyant vers des r\u00e9seaux sociaux tels que Twitter, Facebook et LinkedIn, et si vous avez accept\u00e9 les cookies sur le site web, ces plateformes peuvent \u00e9galement installer leurs propres cookies sur vos appareils.<\/p>\n\n<p><\/p>\n","protected":false},"excerpt":{"rendered":"<p>Protection des donn\u00e9es \u00e0 caract\u00e8re personnel Lorsque vous consultez le site web Nawah.fr ou Nawah.us, NAWAH peut collecter certaines donn\u00e9es \u00e0 caract\u00e8re personnel vous concernant.Les informations permettant de vous identifier peuvent inclure, sans s&rsquo;y limiter : Cadre juridique NAWAH d\u00e9clare traiter les donn\u00e9es \u00e0 caract\u00e8re personnel conform\u00e9ment au r\u00e8glement (UE) 2016\/679 du Parlement europ\u00e9en et [&hellip;]<\/p>\n","protected":false},"author":1,"featured_media":0,"parent":0,"menu_order":0,"comment_status":"closed","ping_status":"open","template":"","meta":{"_acf_changed":false,"footnotes":""},"class_list":["post-914","page","type-page","status-publish","hentry"],"acf":[],"_links":{"self":[{"href":"https:\/\/nawah.us\/fr\/wp-json\/wp\/v2\/pages\/914","targetHints":{"allow":["GET"]}}],"collection":[{"href":"https:\/\/nawah.us\/fr\/wp-json\/wp\/v2\/pages"}],"about":[{"href":"https:\/\/nawah.us\/fr\/wp-json\/wp\/v2\/types\/page"}],"author":[{"embeddable":true,"href":"https:\/\/nawah.us\/fr\/wp-json\/wp\/v2\/users\/1"}],"replies":[{"embeddable":true,"href":"https:\/\/nawah.us\/fr\/wp-json\/wp\/v2\/comments?post=914"}],"version-history":[{"count":1,"href":"https:\/\/nawah.us\/fr\/wp-json\/wp\/v2\/pages\/914\/revisions"}],"predecessor-version":[{"id":915,"href":"https:\/\/nawah.us\/fr\/wp-json\/wp\/v2\/pages\/914\/revisions\/915"}],"wp:attachment":[{"href":"https:\/\/nawah.us\/fr\/wp-json\/wp\/v2\/media?parent=914"}],"curies":[{"name":"wp","href":"https:\/\/api.w.org\/{rel}","templated":true}]}}