{"id":806,"date":"2026-02-03T14:23:53","date_gmt":"2026-02-03T13:23:53","guid":{"rendered":"https:\/\/nawah.fr\/accueil\/"},"modified":"2026-04-29T09:27:39","modified_gmt":"2026-04-29T07:27:39","slug":"accueil","status":"publish","type":"page","link":"https:\/\/nawah.us\/fr\/","title":{"rendered":"Accueil"},"content":{"rendered":"\n\n\n<section class=\"acf-bs-media-text global-leader pt-5 py-4 bg-white global-leader wp-block-acf-media-text-2col\">\n\n\n\n  <div class=\"wrapper-sm\">\n    <div class=\"row gx-xxl-4 gy-4 align-items-flex-start position-relative\">\n\n      <!-- Media -->\n      <div class=\"col-12 col-md-5 order-md-1\">\n        \n          \n          <div class=\"ratio-ratio-1x1 rounded-3 rounded overflow-hidden shadow-sm\">\n\n\n            <img decoding=\"async\" width=\"300\" height=\"300\" src=\"https:\/\/nawah.us\/wp-content\/uploads\/2026\/03\/nanomaterial-300x300.jpg\" class=\"w-100 h-100 object-fit-cover rounded acf-bs-media-text__image\" alt=\"\" style=\"object-fit:cover;\" loading=\"lazy\" srcset=\"https:\/\/nawah.us\/wp-content\/uploads\/2026\/03\/nanomaterial-300x300.jpg 300w, https:\/\/nawah.us\/wp-content\/uploads\/2026\/03\/nanomaterial-150x150.jpg 150w, https:\/\/nawah.us\/wp-content\/uploads\/2026\/03\/nanomaterial.jpg 334w\" sizes=\"auto, (max-width: 300px) 100vw, 300px\" \/>          <\/div>\n\n              <\/div>\n\n      <!-- Content -->\n      <div class=\"col-12 col-md-7 order-md-2\">\n\n        \n\n                      <h2 class=\"acf-bs-media-text__title mb-2\">\n              Plates-formes de produits NAWAH            <\/h2>\n\n          \n\n\n        \n        \n                  <div class=\"acf-bs-media-text__text \">\n            <p>Des composites et composants \u00e9nerg\u00e9tiques plus performants gr\u00e2ce aux nanomat\u00e9riaux architectur\u00e9s.<\/p>\n<p>NAWAH d\u00e9veloppe, structure et fournit des mat\u00e9riaux r\u00e9volutionnaires qui \u00e9tablissent de nouvelles normes.<\/p>\n                                        <div class=\"collapse\" id=\"readmore-block_4c0502062426c2a43eb826b56689df0b\">\n                <p>Nos produits sont con\u00e7us avec soin pour am\u00e9liorer les structures composites, les rendant plus r\u00e9sistantes, durables et intelligentes, tout en augmentant consid\u00e9rablement l&rsquo;efficacit\u00e9 globale. Nos produits permettent \u00e9galement aux piles \u00e0 combustible de nouvelle g\u00e9n\u00e9ration et aux catalyseurs support\u00e9s d&rsquo;exceller en performance et en durabilit\u00e9.<\/p>\n<p>En collaborant \u00e9troitement avec nos clients et partenaires, nous transformons des visions ambitieuses en r\u00e9alisations industrielles, en acc\u00e9l\u00e9rant l&rsquo;innovation et en \u00e9largissant les possibilit\u00e9s. Nos solutions sont con\u00e7ues pour s&rsquo;int\u00e9grer facilement \u00e0 vos processus de fabrication existants<\/p>              <\/div>\n              <a class=\"read-more-toggle text-decoration-none\" data-bs-toggle=\"collapse\" href=\"#readmore-block_4c0502062426c2a43eb826b56689df0b\" role=\"button\" aria-expanded=\"false\" aria-controls=\"readmore-block_4c0502062426c2a43eb826b56689df0b\"><svg width=\"26px\" xmlns=\"http:\/\/www.w3.org\/2000\/svg\" viewBox=\"0 0 15.34 15.34\"><g><path d=\"M11.11 5.29v1.24l-3.44 3.51-3.44-3.51V5.29l3.44 3.52z\" style=\"fill:#0059a6\"\/><path d=\"M7.67 15.34C3.44 15.34 0 11.9 0 7.67S3.44 0 7.67 0s7.67 3.44 7.67 7.67-3.44 7.67-7.67 7.67m0-14.4C3.96.94.94 3.96.94 7.67s3.02 6.73 6.73 6.73 6.73-3.02 6.73-6.73S11.38.94 7.67.94\" style=\"fill:#70139a\"\/><\/g><\/svg><\/a>\n                      <\/div>\n        \n                  <div class=\"mt-3 row  position-relative\">\n\n            <div class=\"col-auto\"><a class=\"\n            btn btn-outline-secondary \n            \" href=\"https:\/\/nawah.fr\/fr\/a-propos-de-nawah\/\" target=\"\" rel=\"noopener\">\n                <span aria-hidden=\"true\">En savoir Plus<\/span>\n              <\/a>\n            <\/div>\n            <div class=\"col decorator\">\n\n            <\/div>\n\n          <\/div>\n        \n      <\/div>\n\n    <\/div>\n  <\/div>\n<\/section><section class=\"c-latest-products py-4 py-lg-5 bg-light wp-block-acf-latest-products\">\n    <div class=\"wrapper-lg\">\n        <h2 class=\"text-center mb-4\">Produits<\/h2>\n        <div class=\"row gx-xxl-4 gy-3\">\n                                                                \n                    <div class=\"col-12 col-lg-6\">\n                        <div class=\"c-product-card h-100 position-relative position-relative\">\n                            <!-- Image Container -->\n                            <div class=\"c-product-card__image-wrapper\">\n                                <div class=\"c-product-card__image-container rounded-2 overflow-hidden\">\n                                                                            <img decoding=\"async\" width=\"1024\" height=\"559\" src=\"https:\/\/nawah.us\/wp-content\/uploads\/2026\/02\/VACNT-on-veil-1024x559.png\" class=\"c-product-card__image img-fluid object-fit-cover w-100 \" alt=\"Plateforme NAWAH-Stitch\" loading=\"lazy\" srcset=\"https:\/\/nawah.us\/wp-content\/uploads\/2026\/02\/VACNT-on-veil-1024x559.png 1024w, https:\/\/nawah.us\/wp-content\/uploads\/2026\/02\/VACNT-on-veil-300x164.png 300w, https:\/\/nawah.us\/wp-content\/uploads\/2026\/02\/VACNT-on-veil-768x419.png 768w, https:\/\/nawah.us\/wp-content\/uploads\/2026\/02\/VACNT-on-veil.png 1408w\" sizes=\"auto, (max-width: 1024px) 100vw, 1024px\" \/>                                    \n                                                                    <\/div>\n\n                                <!-- Arrow Link -->\n                                <a href=\"https:\/\/nawah.us\/fr\/produits\/plateforme-nawah-stitch\/\" class=\"c-product-card__arrow-link position-absolute d-flex align-items-center justify-content-center rounded-circle border border-1 border-secondary text-decoration-none\" aria-label=\"Plateforme NAWAH-Stitch\" tabindex=\"-1\" aria-hidden=\"true\">\n                                    <svg xmlns=\"http:\/\/www.w3.org\/2000\/svg\" width=\"10\" height=\"10\" fill=\"currentColor\" viewBox=\"0 0 16 16\">\n                                        <path fill-rule=\"evenodd\" d=\"M4.646 1.646a.5.5 0 0 1 .708 0l6 6a.5.5 0 0 1 0 .708l-6 6a.5.5 0 0 1-.708-.708L10.293 8 4.646 2.354a.5.5 0 0 1 0-.708z\"\/>\n                                    <\/svg>\n                                <\/a>\n                            <\/div>\n\n                            <!-- Content -->\n                            <div class=\"c-product-card__content p-lg-3 p-2\">\n                                <a href=\"https:\/\/nawah.us\/fr\/produits\/plateforme-nawah-stitch\/\" class=\"text-decoration-none stretched-link\">\n                                <h3 class=\"c-product-card__title mb-2\">\n                                        Plateforme NAWAH-Stitch                                <\/h3>\n                                <\/a>\n                                                                    <p class=\"c-product-card__description mb-0\">\n                                        <span style=\"font-weight: 300\">Nanomat\u00e9riaux architectur\u00e9s pour composites de nouvelle g\u00e9n\u00e9ration offrant des propri\u00e9t\u00e9s m\u00e9caniques, \u00e9lectriques et thermiques.<\/span>                                    <\/p>\n                                                            <\/div>\n                        <\/div>\n                    <\/div>\n                                                    \n                    <div class=\"col-12 col-lg-6\">\n                        <div class=\"c-product-card h-100 position-relative position-relative\">\n                            <!-- Image Container -->\n                            <div class=\"c-product-card__image-wrapper\">\n                                <div class=\"c-product-card__image-container rounded-2 overflow-hidden\">\n                                                                            <img decoding=\"async\" width=\"561\" height=\"371\" src=\"https:\/\/nawah.us\/wp-content\/uploads\/2026\/02\/nawah-plateform.jpg\" class=\"c-product-card__image img-fluid object-fit-cover w-100 \" alt=\"Plateforme NAWAH-Catalyst\" loading=\"lazy\" srcset=\"https:\/\/nawah.us\/wp-content\/uploads\/2026\/02\/nawah-plateform.jpg 561w, https:\/\/nawah.us\/wp-content\/uploads\/2026\/02\/nawah-plateform-300x198.jpg 300w\" sizes=\"auto, (max-width: 561px) 100vw, 561px\" \/>                                    \n                                                                            <!-- Badge Coming Soon -->\n                                        <span class=\"c-product-card__badge position-absolute\">\n                                            \u00c0 VENIR                                        <\/span>\n                                                                    <\/div>\n\n                                <!-- Arrow Link -->\n                                <a href=\"https:\/\/nawah.us\/fr\/produits\/plateforme-nawah-catalyseur\/\" class=\"c-product-card__arrow-link position-absolute d-flex align-items-center justify-content-center rounded-circle border border-1 border-secondary text-decoration-none\" aria-label=\"Plateforme NAWAH-Catalyst\" tabindex=\"-1\" aria-hidden=\"true\">\n                                    <svg xmlns=\"http:\/\/www.w3.org\/2000\/svg\" width=\"10\" height=\"10\" fill=\"currentColor\" viewBox=\"0 0 16 16\">\n                                        <path fill-rule=\"evenodd\" d=\"M4.646 1.646a.5.5 0 0 1 .708 0l6 6a.5.5 0 0 1 0 .708l-6 6a.5.5 0 0 1-.708-.708L10.293 8 4.646 2.354a.5.5 0 0 1 0-.708z\"\/>\n                                    <\/svg>\n                                <\/a>\n                            <\/div>\n\n                            <!-- Content -->\n                            <div class=\"c-product-card__content p-lg-3 p-2\">\n                                <a href=\"https:\/\/nawah.us\/fr\/produits\/plateforme-nawah-catalyseur\/\" class=\"text-decoration-none stretched-link\">\n                                <h3 class=\"c-product-card__title mb-2\">\n                                        Plateforme NAWAH-Catalyst                                <\/h3>\n                                <\/a>\n                                                                    <p class=\"c-product-card__description mb-0\">\n                                        <p><span style=\"font-weight: 300\">Ouvrir des portes pour les piles \u00e0 combustible et \u00e9lectrolyseurs de nouvelle g\u00e9n\u00e9ration.<\/span><\/p>\n                                    <\/p>\n                                                            <\/div>\n                        <\/div>\n                    <\/div>\n                                \n                    <\/div>\n    <\/div>\n<\/section>\n\n\n\n<section class=\"acf-bs-media-text py-5 mb-2 mb-4 nano-materials nano-materials wp-block-acf-media-text-2col\">\n\n\n\n  <div class=\"wrapper-sm\">\n    <div class=\"row gx-xxl-4 gy-4 align-items-center position-relative\">\n\n      <!-- Media -->\n      <div class=\"col-12 col-md-5 order-md-1\">\n        \n          \n          <div class=\"ratio-ratio-1x1 rounded-circle rounded overflow-hidden shadow-sm\">\n\n\n            <img decoding=\"async\" width=\"300\" height=\"300\" src=\"https:\/\/nawah.us\/wp-content\/uploads\/2026\/03\/architectured_nanomaterials-300x300.jpg\" class=\"w-100 h-100 object-fit-cover rounded acf-bs-media-text__image\" alt=\"\" style=\"object-fit:cover;\" loading=\"lazy\" srcset=\"https:\/\/nawah.us\/wp-content\/uploads\/2026\/03\/architectured_nanomaterials-300x300.jpg 300w, https:\/\/nawah.us\/wp-content\/uploads\/2026\/03\/architectured_nanomaterials-150x150.jpg 150w, https:\/\/nawah.us\/wp-content\/uploads\/2026\/03\/architectured_nanomaterials.jpg 330w\" sizes=\"auto, (max-width: 300px) 100vw, 300px\" \/>          <\/div>\n\n              <\/div>\n\n      <!-- Content -->\n      <div class=\"col-12 col-md-7 order-md-2\">\n\n        \n\n                      <h2 class=\"acf-bs-media-text__title mb-2\">\n              Nanomat\u00e9riaux architectur\u00e9s            <\/h2>\n\n          \n\n\n        \n        \n                  <div class=\"acf-bs-media-text__text \">\n            <p><span style=\"font-weight: 300\">Our Architectured Nanomaterials are built from vertically aligned carbon nanotubes that are structured, shaped, and functionalized at nanoscale.<\/span><span style=\"font-weight: 300\"><br \/>\n<\/span><span style=\"font-weight: 300\"><br \/>\n<\/span><span style=\"font-weight: 300\">Their unique properties open new horizons across industries to address critical material challenges and enable the development of next generation applications.<\/span><span style=\"font-weight: 300\"><br \/>\n<\/span><\/p>\n\n                      <\/div>\n        \n                  <div class=\"mt-3 row  position-relative\">\n\n            <div class=\"col-auto\"><a class=\"\n            btn btn-outline-secondary \n            \" href=\"https:\/\/nawah.fr\/fr\/nanomateriaux-architectures\/\" target=\"\" rel=\"noopener\">\n                <span aria-hidden=\"true\">En savoir plus<\/span>\n              <\/a>\n            <\/div>\n            <div class=\"col \">\n\n            <\/div>\n\n          <\/div>\n        \n      <\/div>\n\n    <\/div>\n  <\/div>\n<\/section>\n\n\n<section class=\"acf-bs-media-text py-4 wp-block-acf-media-text-2col\">\n\n\n\n  <div class=\"wrapper-lg\">\n    <div class=\"row gx-xxl-4 gy-4 align-items-center position-relative\">\n\n      <!-- Media -->\n      <div class=\"col-12 col-md-6 order-md-2\">\n        \n          \n          <div class=\"ratio-ratio-16x9 rounded-3 rounded overflow-hidden shadow-sm\">\n\n\n            <img decoding=\"async\" width=\"300\" height=\"169\" src=\"https:\/\/nawah.us\/wp-content\/uploads\/2026\/02\/20220602_092846-bis2-e1771952534805-300x169.jpg\" class=\"w-100 h-100 object-fit-cover rounded acf-bs-media-text__image\" alt=\"\" style=\"object-fit:cover;\" loading=\"lazy\" srcset=\"https:\/\/nawah.us\/wp-content\/uploads\/2026\/02\/20220602_092846-bis2-e1771952534805-300x169.jpg 300w, https:\/\/nawah.us\/wp-content\/uploads\/2026\/02\/20220602_092846-bis2-e1771952534805-1024x575.jpg 1024w, https:\/\/nawah.us\/wp-content\/uploads\/2026\/02\/20220602_092846-bis2-e1771952534805-768x431.jpg 768w, https:\/\/nawah.us\/wp-content\/uploads\/2026\/02\/20220602_092846-bis2-e1771952534805.jpg 1200w\" sizes=\"auto, (max-width: 300px) 100vw, 300px\" \/>          <\/div>\n\n              <\/div>\n\n      <!-- Content -->\n      <div class=\"col-12 col-md-6 order-md-1\">\n\n        \n\n                      <h2 class=\"acf-bs-media-text__title mb-2\">\n              Production            <\/h2>\n\n          \n\n\n        \n        \n                  <div class=\"acf-bs-media-text__text \">\n            <p>Nos installations de production s&rsquo;\u00e9tendent sur deux continents et offrent une capacit\u00e9 annuelle unique au monde de 800 000\u202fm\u00b2 \u00e9tablissant une norme in\u00e9gal\u00e9e en termes de volume et d&rsquo;\u00e9chelle. Cette capacit\u00e9 exceptionnelle garantit la continuit\u00e9 d&rsquo;approvisionnement et la r\u00e9silience des d\u00e9lais pour nos partenaires \u00e0 travers le monde.<\/p>\n<p>Nos mat\u00e9riaux sont fournis en rouleaux sur une vari\u00e9t\u00e9 de supports et livr\u00e9s sous forme de couches pr\u00eates \u00e0 l&#8217;emploi pour la production ou le prototypage. <br \/>Le r\u00e9sultat : des nanomat\u00e9riaux architectur\u00e9s con\u00e7us pour la performance, pr\u00eats \u00e0 \u00eatre int\u00e9gr\u00e9s et livr\u00e9s pour la fabrication.<span style=\"font-weight: 400\"><br \/>\n<\/span><\/p>\n\n                      <\/div>\n        \n                  <div class=\"mt-3 row  position-relative\">\n\n            <div class=\"col-auto\"><a class=\"\n            btn btn-outline-secondary \n            \" href=\"https:\/\/nawah.fr\/fr\/nanomateriaux-architectures\/production\/\" target=\"\" rel=\"noopener\">\n                <span aria-hidden=\"true\">En savoir plus<\/span>\n              <\/a>\n            <\/div>\n            <div class=\"col decorator\">\n\n            <\/div>\n\n          <\/div>\n        \n      <\/div>\n\n    <\/div>\n  <\/div>\n<\/section>\n\n\n<section class=\"acf-bs-media-text pt-4 pb-5 wp-block-acf-media-text-2col\">\n\n\n\n  <div class=\"wrapper-lg\">\n    <div class=\"row gx-xxl-4 gy-4 align-items-center position-relative\">\n\n      <!-- Media -->\n      <div class=\"col-12 col-md-6 order-md-1\">\n        \n          \n          <div class=\"ratio-ratio-16x9 rounded-3 rounded overflow-hidden shadow-sm\">\n\n\n            <img decoding=\"async\" width=\"300\" height=\"194\" src=\"https:\/\/nawah.us\/wp-content\/uploads\/2026\/02\/developmentl-1-300x194.jpg\" class=\"w-100 h-100 object-fit-cover rounded acf-bs-media-text__image\" alt=\"\" style=\"object-fit:cover;\" loading=\"lazy\" srcset=\"https:\/\/nawah.us\/wp-content\/uploads\/2026\/02\/developmentl-1-300x194.jpg 300w, https:\/\/nawah.us\/wp-content\/uploads\/2026\/02\/developmentl-1.jpg 564w\" sizes=\"auto, (max-width: 300px) 100vw, 300px\" \/>          <\/div>\n\n              <\/div>\n\n      <!-- Content -->\n      <div class=\"col-12 col-md-6 order-md-2\">\n\n        \n\n                      <h2 class=\"acf-bs-media-text__title mb-2\">\n              Services de d\u00e9veloppement            <\/h2>\n\n          \n\n\n        \n        \n                  <div class=\"acf-bs-media-text__text \">\n            <p><span style=\"font-weight: 300\">D&rsquo;une id\u00e9e ambitieuse \u00e0 une solution sur mesure pour de nouvelles applications, notre \u00e9quipe R&amp;D d\u00e9di\u00e9e travaillera en \u00e9troite collaboration avec vous pour vous aider \u00e0 valider votre concept et \u00e0 concr\u00e9tiser vos ambitions les plus audacieuses.<\/span><\/p>\n\n                      <\/div>\n        \n                  <div class=\"mt-3 row  position-relative\">\n\n            <div class=\"col-auto\"><a class=\"\n            btn btn-outline-secondary \n            \" href=\"https:\/\/nawah.fr\/fr\/nanomateriaux-architectures\/services-de-developpement\/\" target=\"\" rel=\"noopener\">\n                <span aria-hidden=\"true\">En savoir plus<\/span>\n              <\/a>\n            <\/div>\n            <div class=\"col decorator\">\n\n            <\/div>\n\n          <\/div>\n        \n      <\/div>\n\n    <\/div>\n  <\/div>\n<\/section>","protected":false},"excerpt":{"rendered":"","protected":false},"author":1,"featured_media":0,"parent":0,"menu_order":0,"comment_status":"closed","ping_status":"closed","template":"","meta":{"_acf_changed":false,"footnotes":""},"class_list":["post-806","page","type-page","status-publish","hentry"],"acf":[],"_links":{"self":[{"href":"https:\/\/nawah.us\/fr\/wp-json\/wp\/v2\/pages\/806","targetHints":{"allow":["GET"]}}],"collection":[{"href":"https:\/\/nawah.us\/fr\/wp-json\/wp\/v2\/pages"}],"about":[{"href":"https:\/\/nawah.us\/fr\/wp-json\/wp\/v2\/types\/page"}],"author":[{"embeddable":true,"href":"https:\/\/nawah.us\/fr\/wp-json\/wp\/v2\/users\/1"}],"replies":[{"embeddable":true,"href":"https:\/\/nawah.us\/fr\/wp-json\/wp\/v2\/comments?post=806"}],"version-history":[{"count":5,"href":"https:\/\/nawah.us\/fr\/wp-json\/wp\/v2\/pages\/806\/revisions"}],"predecessor-version":[{"id":988,"href":"https:\/\/nawah.us\/fr\/wp-json\/wp\/v2\/pages\/806\/revisions\/988"}],"wp:attachment":[{"href":"https:\/\/nawah.us\/fr\/wp-json\/wp\/v2\/media?parent=806"}],"curies":[{"name":"wp","href":"https:\/\/api.w.org\/{rel}","templated":true}]}}